{"id":24,"date":"2018-02-04T21:05:24","date_gmt":"2018-02-04T21:05:24","guid":{"rendered":"http:\/\/4cefield.com.pl\/?page_id=24"},"modified":"2020-05-11T08:49:58","modified_gmt":"2020-05-11T08:49:58","slug":"4cefield-com-pl","status":"publish","type":"page","link":"https:\/\/www.4cefield.com.pl\/","title":{"rendered":"4ceField Systemy Ochrony Danych"},"content":{"rendered":"<p>Ze wzgl\u0119du na obecne zobowi\u0105zania nie podejmuje si\u0119 \u017cadnych nowych zada\u0144. Przypominam, \u017ce organizacje kt\u00f3re korzysta\u0142y z moich us\u0142ug maj\u0105 prawo do konsultacji do ko\u0144ca 2 letniego okresu.<\/p>\n<p>\u00a0<\/p>\n\n\n<p><\/p>\n","protected":false},"excerpt":{"rendered":"<p>Ze wzgl\u0119du na obecne zobowi\u0105zania nie podejmuje si\u0119 \u017cadnych nowych zada\u0144. Przypominam, \u017ce organizacje kt\u00f3re korzysta\u0142y z moich us\u0142ug maj\u0105 prawo do konsultacji do ko\u0144ca 2 letniego okresu. \u00a0<\/p>\n","protected":false},"author":1,"featured_media":0,"parent":0,"menu_order":0,"comment_status":"closed","ping_status":"closed","template":"","meta":{"footnotes":""},"class_list":["post-24","page","type-page","status-publish","hentry"],"aioseo_notices":[],"_links":{"self":[{"href":"https:\/\/www.4cefield.com.pl\/index.php?rest_route=\/wp\/v2\/pages\/24","targetHints":{"allow":["GET"]}}],"collection":[{"href":"https:\/\/www.4cefield.com.pl\/index.php?rest_route=\/wp\/v2\/pages"}],"about":[{"href":"https:\/\/www.4cefield.com.pl\/index.php?rest_route=\/wp\/v2\/types\/page"}],"author":[{"embeddable":true,"href":"https:\/\/www.4cefield.com.pl\/index.php?rest_route=\/wp\/v2\/users\/1"}],"replies":[{"embeddable":true,"href":"https:\/\/www.4cefield.com.pl\/index.php?rest_route=%2Fwp%2Fv2%2Fcomments&post=24"}],"version-history":[{"count":26,"href":"https:\/\/www.4cefield.com.pl\/index.php?rest_route=\/wp\/v2\/pages\/24\/revisions"}],"predecessor-version":[{"id":216,"href":"https:\/\/www.4cefield.com.pl\/index.php?rest_route=\/wp\/v2\/pages\/24\/revisions\/216"}],"wp:attachment":[{"href":"https:\/\/www.4cefield.com.pl\/index.php?rest_route=%2Fwp%2Fv2%2Fmedia&parent=24"}],"curies":[{"name":"wp","href":"https:\/\/api.w.org\/{rel}","templated":true}]}}