{"id":84,"date":"2018-02-10T20:51:54","date_gmt":"2018-02-10T20:51:54","guid":{"rendered":"http:\/\/www.4cefield.com.pl\/?page_id=84"},"modified":"2018-02-19T21:38:01","modified_gmt":"2018-02-19T21:38:01","slug":"stworzenie-modyfikacja-istniejacej-polityki-bezpieczenstwa-danych-osobowych","status":"publish","type":"page","link":"https:\/\/www.4cefield.com.pl\/?page_id=84","title":{"rendered":"Polityka Bezpiecze\u0144stwa Danych Osobowych"},"content":{"rendered":"<p><span style=\"display: inline !important; float: none; background-color: transparent; color: #444444; font-family: 'Open Sans','Helvetica Neue',Helvetica,Tahoma,sans-serif; font-size: 13.6px; font-style: normal; font-variant: normal; font-weight: 400; letter-spacing: normal; line-height: 21.89px; orphans: 2; text-align: left; text-decoration: none; text-indent: 0px; text-transform: none; -webkit-text-stroke-width: 0px; white-space: normal; word-spacing: 0px;\">Przeprowadz\u0119 klienta przez ca\u0142y proces wdro\u017cenia systemu ochrony danych osobowych. Dostarcz\u0119 r\u00f3wnie\u017c\u00a0 gotowe rozwi\u0105zania z zakresu zabezpieczenia i kontroli w tym temacie. Zastosowanie stworzonej Polityki gwarantuje bezpiecze\u0144stwo w sferze ochrony danych osobowych, ca\u0142kowicie zgodne z wymogami obowi\u0105zuj\u0105cego prawa. Moja praca to czas po\u015bwi\u0119cony tym kt\u00f3rzy z pe\u0142n\u0105 odpowiedzialno\u015bci\u0105 i powaga podchodz\u0105 do tematu ochrony danych osobowych.<\/span><\/p>\n<p><span style=\"display: inline !important; float: none; background-color: transparent; color: #444444; font-family: 'Open Sans','Helvetica Neue',Helvetica,Tahoma,sans-serif; font-size: 13.6px; font-style: normal; font-variant: normal; font-weight: 400; letter-spacing: normal; line-height: 21.89px; orphans: 2; text-align: left; text-decoration: none; text-indent: 0px; text-transform: none; -webkit-text-stroke-width: 0px; white-space: normal; word-spacing: 0px;\">Wykonana przez nas us\u0142uga w ca\u0142o\u015bci pokrywa zapotrzebowanie na niezb\u0119dn\u0105 dokumentacj\u0119. Sporz\u0105dzam r\u00f3wnie\u017c procedury wymagane do prawid\u0142owego dzia\u0142ania systemu ochrony danych osobowych wewn\u0105trz jednostki oraz procesy odpowiadaj\u0105ce za przetwarzanie i ochron\u0119 danych osobowych w plac\u00f3wce<\/span><\/p>\n<p><span style=\"color: #002000; font-family: Arial;\">Us\u0142uga zawiera mi\u0119dzy innymi:<\/span><\/p>\n<p><span style=\"display: inline !important; float: none; background-color: transparent; color: #666666; font-family: 'Open Sans',Helvetica Neue,Sans-serif; font-size: 16px; font-style: normal; font-variant: normal; font-weight: 400; letter-spacing: normal; line-height: 26px; orphans: 2; text-align: left; text-decoration: none; text-indent: 0px; text-transform: none; -webkit-text-stroke-width: 0px; white-space: normal; word-spacing: 0px;\">\u2022 <\/span><span style=\"display: inline !important; float: none; background-color: transparent; color: #666666; font-family: 'Open Sans',Helvetica Neue,Sans-serif; font-size: 16px; font-style: normal; font-variant: normal; font-weight: 400; letter-spacing: normal; line-height: 26px; orphans: 2; text-align: left; text-decoration: none; text-indent: 0px; text-transform: none; -webkit-text-stroke-width: 0px; white-space: normal; word-spacing: 0px;\">Uwzgl\u0119dnienie zbior\u00f3w nie podlegaj\u0105cych rejestracji (m.in. Pracownicy, Zbiory powierzone, umowy cywilnoprawne).<\/span><br \/>\n<span style=\"display: inline !important; float: none; background-color: transparent; color: #666666; font-family: 'Open Sans',Helvetica Neue,Sans-serif; font-size: 16px; font-style: normal; font-variant: normal; font-weight: 400; letter-spacing: normal; line-height: 26px; orphans: 2; text-align: left; text-decoration: none; text-indent: 0px; text-transform: none; -webkit-text-stroke-width: 0px; white-space: normal; word-spacing: 0px;\"> \u2022 Uwzgl\u0119dnienie zbior\u00f3w podlegaj\u0105cych rejestracji.<\/span><br \/>\n<span style=\"display: inline !important; float: none; background-color: transparent; color: #666666; font-family: 'Open Sans',Helvetica Neue,Sans-serif; font-size: 16px; font-style: normal; font-variant: normal; font-weight: 400; letter-spacing: normal; line-height: 26px; orphans: 2; text-align: left; text-decoration: none; text-indent: 0px; text-transform: none; -webkit-text-stroke-width: 0px; white-space: normal; word-spacing: 0px;\"> Zestaw zawiera przygotowanie kompletu dokument\u00f3w SZBI (Systemu Zarz\u0105dzania Bezpiecze\u0144stwem Informacji), PBI (Polityka Bezpiecze\u0144stwa Informacji), PBDO (Polityka Bezpiecze\u0144stwa Danych Osobowych), przeszkolenie pracownik\u00f3w oraz audyt informatyczny.<\/span><br \/>\n<span style=\"display: inline !important; float: none; background-color: transparent; color: #666666; font-family: 'Open Sans',Helvetica Neue,Sans-serif; font-size: 16px; font-style: normal; font-variant: normal; font-weight: 400; letter-spacing: normal; line-height: 26px; orphans: 2; text-align: left; text-decoration: none; text-indent: 0px; text-transform: none; -webkit-text-stroke-width: 0px; white-space: normal; word-spacing: 0px;\"> Zwracam szczeg\u00f3ln\u0105 uwag\u0119 na stworzenie tre\u015bci kt\u00f3ra b\u0119dzie zrozumia\u0142a a przystosowanie system\u00f3w informatycznych nie b\u0119dzie generowa\u0142o dodatkowych koszt\u00f3w.<\/span><\/p>\n","protected":false},"excerpt":{"rendered":"<p>Przeprowadz\u0119 klienta przez ca\u0142y proces wdro\u017cenia systemu ochrony danych osobowych. Dostarcz\u0119 r\u00f3wnie\u017c\u00a0 gotowe rozwi\u0105zania z zakresu zabezpieczenia i kontroli w tym temacie. Zastosowanie stworzonej Polityki gwarantuje bezpiecze\u0144stwo w sferze ochrony danych osobowych, ca\u0142kowicie zgodne z wymogami obowi\u0105zuj\u0105cego prawa. Moja praca to czas po\u015bwi\u0119cony tym kt\u00f3rzy z pe\u0142n\u0105 odpowiedzialno\u015bci\u0105 i powaga podchodz\u0105 do tematu ochrony danych<a class=\"moretag\" href=\"https:\/\/www.4cefield.com.pl\/?page_id=84\"><span class=\"screen-reader-text\">Wi\u0119cej oPolityka Bezpiecze\u0144stwa Danych Osobowych<\/span>[&#8230;]<\/a><\/p>\n","protected":false},"author":1,"featured_media":0,"parent":24,"menu_order":0,"comment_status":"closed","ping_status":"closed","template":"","meta":{"footnotes":""},"class_list":["post-84","page","type-page","status-publish","hentry"],"aioseo_notices":[],"_links":{"self":[{"href":"https:\/\/www.4cefield.com.pl\/index.php?rest_route=\/wp\/v2\/pages\/84","targetHints":{"allow":["GET"]}}],"collection":[{"href":"https:\/\/www.4cefield.com.pl\/index.php?rest_route=\/wp\/v2\/pages"}],"about":[{"href":"https:\/\/www.4cefield.com.pl\/index.php?rest_route=\/wp\/v2\/types\/page"}],"author":[{"embeddable":true,"href":"https:\/\/www.4cefield.com.pl\/index.php?rest_route=\/wp\/v2\/users\/1"}],"replies":[{"embeddable":true,"href":"https:\/\/www.4cefield.com.pl\/index.php?rest_route=%2Fwp%2Fv2%2Fcomments&post=84"}],"version-history":[{"count":6,"href":"https:\/\/www.4cefield.com.pl\/index.php?rest_route=\/wp\/v2\/pages\/84\/revisions"}],"predecessor-version":[{"id":116,"href":"https:\/\/www.4cefield.com.pl\/index.php?rest_route=\/wp\/v2\/pages\/84\/revisions\/116"}],"up":[{"embeddable":true,"href":"https:\/\/www.4cefield.com.pl\/index.php?rest_route=\/wp\/v2\/pages\/24"}],"wp:attachment":[{"href":"https:\/\/www.4cefield.com.pl\/index.php?rest_route=%2Fwp%2Fv2%2Fmedia&parent=84"}],"curies":[{"name":"wp","href":"https:\/\/api.w.org\/{rel}","templated":true}]}}