{"id":88,"date":"2018-02-10T20:55:24","date_gmt":"2018-02-10T20:55:24","guid":{"rendered":"http:\/\/www.4cefield.com.pl\/?page_id=88"},"modified":"2018-07-29T19:32:07","modified_gmt":"2018-07-29T19:32:07","slug":"audyty-it","status":"publish","type":"page","link":"https:\/\/www.4cefield.com.pl\/?page_id=88","title":{"rendered":"Audyty IT"},"content":{"rendered":"<p><span style=\"display: inline !important; float: none; background-color: transparent; color: #666666; font-family: 'Open Sans',Helvetica Neue,Sans-serif; font-size: 16px; font-style: normal; font-variant: normal; font-weight: 400; letter-spacing: normal; line-height: 26px; orphans: 2; text-align: left; text-decoration: none; text-indent: 0px; text-transform: none; -webkit-text-stroke-width: 0px; white-space: normal; word-spacing: 0px;\">Us\u0142uga audytu IT ma na celu diagnoz\u0119 oraz okre\u015blenie obszar\u00f3w podwy\u017cszonego ryzyka w dzia\u0142aniu IT Klienta. Mo\u017ce obejmowa\u0107 podstawowy zakres inwentaryzacji oraz opisu \u015brodowiska IT, lub uwzgl\u0119dnia\u0107 dok\u0142adny opis wszystkich audytowanych obszar\u00f3w. Po przeprowadzeniu audytu, Klient otrzymuje materia\u0142 podsumowuj\u0105cy wraz ze wskazaniem zagro\u017ce\u0144 i rekomendacjami dzia\u0142a\u0144.<\/span><br \/>\n<span style=\"display: inline !important; float: none; background-color: transparent; color: #666666; font-family: 'Open Sans',Helvetica Neue,Sans-serif; font-size: 16px; font-style: normal; font-variant: normal; font-weight: 400; letter-spacing: normal; line-height: 26px; orphans: 2; text-align: left; text-decoration: none; text-indent: 0px; text-transform: none; -webkit-text-stroke-width: 0px; white-space: normal; word-spacing: 0px;\"> Audyt IT wykonywany jest w obszarach:<\/span><br \/>\n<span style=\"display: inline !important; float: none; background-color: transparent; color: #666666; font-family: 'Open Sans',Helvetica Neue,Sans-serif; font-size: 16px; font-style: normal; font-variant: normal; font-weight: 400; letter-spacing: normal; line-height: 26px; orphans: 2; text-align: left; text-decoration: none; text-indent: 0px; text-transform: none; -webkit-text-stroke-width: 0px; white-space: normal; word-spacing: 0px;\"> \u2022 Bezpiecze\u0144stwo system\u00f3w IT.<\/span><br \/>\n<span style=\"display: inline !important; float: none; background-color: transparent; color: #666666; font-family: 'Open Sans',Helvetica Neue,Sans-serif; font-size: 16px; font-style: normal; font-variant: normal; font-weight: 400; letter-spacing: normal; line-height: 26px; orphans: 2; text-align: left; text-decoration: none; text-indent: 0px; text-transform: none; -webkit-text-stroke-width: 0px; white-space: normal; word-spacing: 0px;\"> \u2022 Infrastruktura (sie\u0107 LAN, WAN, platforma serwerowa, desktopy i peryferia).<\/span><br \/>\n<span style=\"display: inline !important; float: none; background-color: transparent; color: #666666; font-family: 'Open Sans',Helvetica Neue,Sans-serif; font-size: 16px; font-style: normal; font-variant: normal; font-weight: 400; letter-spacing: normal; line-height: 26px; orphans: 2; text-align: left; text-decoration: none; text-indent: 0px; text-transform: none; -webkit-text-stroke-width: 0px; white-space: normal; word-spacing: 0px;\"> \u2022 Procesy (weryfikacja zgodno\u015bci z najlepszymi praktykami).<\/span><br \/>\n<span style=\"display: inline !important; float: none; background-color: transparent; color: #666666; font-family: 'Open Sans',Helvetica Neue,Sans-serif; font-size: 16px; font-style: normal; font-variant: normal; font-weight: 400; letter-spacing: normal; line-height: 26px; orphans: 2; text-align: left; text-decoration: none; text-indent: 0px; text-transform: none; -webkit-text-stroke-width: 0px; white-space: normal; word-spacing: 0px;\"> \u2022 Organizacja (zesp\u00f3\u0142 IT, jego kompetencje, do\u015bwiadczenie i organizacja pracy).<\/span><br \/>\n<span style=\"display: inline !important; float: none; background-color: transparent; color: #666666; font-family: 'Open Sans',Helvetica Neue,Sans-serif; font-size: 16px; font-style: normal; font-variant: normal; font-weight: 400; letter-spacing: normal; line-height: 26px; orphans: 2; text-align: left; text-decoration: none; text-indent: 0px; text-transform: none; -webkit-text-stroke-width: 0px; white-space: normal; word-spacing: 0px;\"> \u2022 Aplikacje (desktopowe, biznesowe).<\/span><br \/>\n<span style=\"display: inline !important; float: none; background-color: transparent; color: #666666; font-family: 'Open Sans',Helvetica Neue,Sans-serif; font-size: 16px; font-style: normal; font-variant: normal; font-weight: 400; letter-spacing: normal; line-height: 26px; orphans: 2; text-align: left; text-decoration: none; text-indent: 0px; text-transform: none; -webkit-text-stroke-width: 0px; white-space: normal; word-spacing: 0px;\"> \u2022 Bezpiecze\u0144stwo (testy black-box\/white-box oraz testy socjotechniczne).<\/span><br \/>\n<span style=\"display: inline !important; float: none; background-color: transparent; color: #666666; font-family: 'Open Sans',Helvetica Neue,Sans-serif; font-size: 16px; font-style: normal; font-variant: normal; font-weight: 400; letter-spacing: normal; line-height: 26px; orphans: 2; text-align: left; text-decoration: none; text-indent: 0px; text-transform: none; -webkit-text-stroke-width: 0px; white-space: normal; word-spacing: 0px;\"> \u2022 Urz\u0105dzenia mobilne (zabezpieczenia, aplikacje mobilne, bezpiecze\u0144stwo).<\/span><br \/>\n<span style=\"display: inline !important; float: none; background-color: transparent; color: #666666; font-family: 'Open Sans',Helvetica Neue,Sans-serif; font-size: 16px; font-style: normal; font-variant: normal; font-weight: 400; letter-spacing: normal; line-height: 26px; orphans: 2; text-align: left; text-decoration: none; text-indent: 0px; text-transform: none; -webkit-text-stroke-width: 0px; white-space: normal; word-spacing: 0px;\"> \u2022 Bud\u017cet (jego wykorzystanie i podzia\u0142).<\/span><\/p>\n","protected":false},"excerpt":{"rendered":"<p>Us\u0142uga audytu IT ma na celu diagnoz\u0119 oraz okre\u015blenie obszar\u00f3w podwy\u017cszonego ryzyka w dzia\u0142aniu IT Klienta. Mo\u017ce obejmowa\u0107 podstawowy zakres inwentaryzacji oraz opisu \u015brodowiska IT, lub uwzgl\u0119dnia\u0107 dok\u0142adny opis wszystkich audytowanych obszar\u00f3w. Po przeprowadzeniu audytu, Klient otrzymuje materia\u0142 podsumowuj\u0105cy wraz ze wskazaniem zagro\u017ce\u0144 i rekomendacjami dzia\u0142a\u0144. Audyt IT wykonywany jest w obszarach: \u2022 Bezpiecze\u0144stwo system\u00f3w<a class=\"moretag\" href=\"https:\/\/www.4cefield.com.pl\/?page_id=88\"><span class=\"screen-reader-text\">Wi\u0119cej oAudyty IT<\/span>[&#8230;]<\/a><\/p>\n","protected":false},"author":1,"featured_media":0,"parent":24,"menu_order":0,"comment_status":"closed","ping_status":"closed","template":"","meta":{"footnotes":""},"class_list":["post-88","page","type-page","status-publish","hentry"],"aioseo_notices":[],"_links":{"self":[{"href":"https:\/\/www.4cefield.com.pl\/index.php?rest_route=\/wp\/v2\/pages\/88","targetHints":{"allow":["GET"]}}],"collection":[{"href":"https:\/\/www.4cefield.com.pl\/index.php?rest_route=\/wp\/v2\/pages"}],"about":[{"href":"https:\/\/www.4cefield.com.pl\/index.php?rest_route=\/wp\/v2\/types\/page"}],"author":[{"embeddable":true,"href":"https:\/\/www.4cefield.com.pl\/index.php?rest_route=\/wp\/v2\/users\/1"}],"replies":[{"embeddable":true,"href":"https:\/\/www.4cefield.com.pl\/index.php?rest_route=%2Fwp%2Fv2%2Fcomments&post=88"}],"version-history":[{"count":2,"href":"https:\/\/www.4cefield.com.pl\/index.php?rest_route=\/wp\/v2\/pages\/88\/revisions"}],"predecessor-version":[{"id":173,"href":"https:\/\/www.4cefield.com.pl\/index.php?rest_route=\/wp\/v2\/pages\/88\/revisions\/173"}],"up":[{"embeddable":true,"href":"https:\/\/www.4cefield.com.pl\/index.php?rest_route=\/wp\/v2\/pages\/24"}],"wp:attachment":[{"href":"https:\/\/www.4cefield.com.pl\/index.php?rest_route=%2Fwp%2Fv2%2Fmedia&parent=88"}],"curies":[{"name":"wp","href":"https:\/\/api.w.org\/{rel}","templated":true}]}}