{"id":9,"date":"2018-02-04T20:55:17","date_gmt":"2018-02-04T20:55:17","guid":{"rendered":"http:\/\/4cefield.com.pl\/?page_id=9"},"modified":"2018-02-24T00:14:11","modified_gmt":"2018-02-24T00:14:11","slug":"pliki-do-pobrania","status":"publish","type":"page","link":"https:\/\/www.4cefield.com.pl\/?page_id=9","title":{"rendered":"Linki i pliki"},"content":{"rendered":"<p><a href=\"http:\/\/eur-lex.europa.eu\/legal-content\/PL\/TXT\/PDF\/?uri=CELEX:32016R0679&amp;from=PL\">Rozporz\u0105dzenie Parlamentu Europejskiego i Rady (UE) 2016\/679<\/a><\/p>\n<p><a href=\"http:\/\/www.giodo.gov.pl\/\">Strona Generalnego Inspektora Ochrony Danych Osobowych<\/a><\/p>\n<p><a href=\"https:\/\/giodo.gov.pl\/pl\/1520281\/10255\">Aktualne prace &#8211; GIODO<\/a> (strona GIODO)<\/p>\n<p><a href=\"https:\/\/www.gov.pl\/cyfryzacja\/rodo-informator\">RODO Informator<\/a> (strona Ministerstwa Cyfryzacji)<\/p>\n<p>Kodeks ochrony danych osobowych w rekrutacji w tym wydarzeniu mam przyjemno\u015b\u0107 uczestniczy\u0107.<\/p>\n<p>&nbsp;<\/p>\n<p>&nbsp;<\/p>\n","protected":false},"excerpt":{"rendered":"<p>Rozporz\u0105dzenie Parlamentu Europejskiego i Rady (UE) 2016\/679 Strona Generalnego Inspektora Ochrony Danych Osobowych Aktualne prace &#8211; GIODO (strona GIODO) RODO Informator (strona Ministerstwa Cyfryzacji) Kodeks ochrony danych osobowych w rekrutacji w tym wydarzeniu mam przyjemno\u015b\u0107 uczestniczy\u0107. &nbsp; &nbsp;<\/p>\n","protected":false},"author":1,"featured_media":0,"parent":24,"menu_order":0,"comment_status":"closed","ping_status":"closed","template":"","meta":{"footnotes":""},"class_list":["post-9","page","type-page","status-publish","hentry"],"aioseo_notices":[],"_links":{"self":[{"href":"https:\/\/www.4cefield.com.pl\/index.php?rest_route=\/wp\/v2\/pages\/9","targetHints":{"allow":["GET"]}}],"collection":[{"href":"https:\/\/www.4cefield.com.pl\/index.php?rest_route=\/wp\/v2\/pages"}],"about":[{"href":"https:\/\/www.4cefield.com.pl\/index.php?rest_route=\/wp\/v2\/types\/page"}],"author":[{"embeddable":true,"href":"https:\/\/www.4cefield.com.pl\/index.php?rest_route=\/wp\/v2\/users\/1"}],"replies":[{"embeddable":true,"href":"https:\/\/www.4cefield.com.pl\/index.php?rest_route=%2Fwp%2Fv2%2Fcomments&post=9"}],"version-history":[{"count":9,"href":"https:\/\/www.4cefield.com.pl\/index.php?rest_route=\/wp\/v2\/pages\/9\/revisions"}],"predecessor-version":[{"id":147,"href":"https:\/\/www.4cefield.com.pl\/index.php?rest_route=\/wp\/v2\/pages\/9\/revisions\/147"}],"up":[{"embeddable":true,"href":"https:\/\/www.4cefield.com.pl\/index.php?rest_route=\/wp\/v2\/pages\/24"}],"wp:attachment":[{"href":"https:\/\/www.4cefield.com.pl\/index.php?rest_route=%2Fwp%2Fv2%2Fmedia&parent=9"}],"curies":[{"name":"wp","href":"https:\/\/api.w.org\/{rel}","templated":true}]}}