{"id":92,"date":"2018-02-10T20:57:38","date_gmt":"2018-02-10T20:57:38","guid":{"rendered":"http:\/\/www.4cefield.com.pl\/?page_id=92"},"modified":"2018-07-29T19:35:39","modified_gmt":"2018-07-29T19:35:39","slug":"outsourcing-funkcji-administratora-bezpieczenstwa-informacji-abi-inspektora-ochrony-danych-iod","status":"publish","type":"page","link":"https:\/\/www.4cefield.com.pl\/?page_id=92","title":{"rendered":"Outsourcing  IOD"},"content":{"rendered":"<h2>Outsourcing IOD \/ DPO<\/h2>\n<p><strong>Outsourcing IOD\u00a0 \/ DPO <\/strong>\u2013 \u00a0Na mocy Ustawy o Ochronie Danych Osobowych Administrator Danych Osobowych\u00a0ma mo\u017cliwo\u015b\u0107 powo\u0142ania Inspektora Ochrony Danych (IOD). Oferujemy us\u0142ug\u0119 przej\u0119cia\u00a0obowi\u0105zk\u00f3w IOD.<\/p>\n<p>Decyduj\u0105c si\u0119 na t\u0119 us\u0142ug\u0119\u00a0 otrzymuj\u0105 Pa\u0144stwo kompleksow\u0105 opiek\u0119 techniczn\u0105, proceduraln\u0105 i <span style=\"display: inline !important; float: none; background-color: transparent; color: #333333; cursor: text; font-family: Georgia,'Times New Roman','Bitstream Charter',Times,serif; font-size: 16px; font-style: normal; font-variant: normal; font-weight: 400; letter-spacing: normal; orphans: 2; text-align: left; text-decoration: none; text-indent: 0px; text-transform: none; -webkit-text-stroke-width: 0px; white-space: normal; word-spacing: 0px;\">prawn\u0105<\/span>. G\u0142\u00f3wne korzy\u015bci\u00a0jakie Pa\u0144stwa firmie przyniesie to pe\u0142ne\u00a0przej\u0119cie obowi\u0105zk\u00f3w zwi\u0105zanych z zarz\u0105dzaniem bezpiecze\u0144stwem informacji w firmie, minimalizacja zagro\u017ce\u0144 wewn\u0119trznych i zewn\u0119trznych zwi\u0105zanych z bezpiecze\u0144stwem danych osobowych, bie\u017c\u0105ca kontrola i usuwanie problem\u00f3w zwi\u0105zanych z ochron\u0105 danych osobowych, nadz\u00f3r nad systemem bezpiecze\u0144stwa informacji.<\/p>\n<p>W ramach outsourcingu IOD,\u00a0 na bie\u017c\u0105co przeprowadzam audyty, prowadz\u0119 dzia\u0142ania sprawdzaj\u0105ce oraz monitoruj\u0119 poszczeg\u00f3lne elementy proces\u00f3w przetwarzania danych osobowych pod k\u0105tem poprawno\u015bci i bezpiecze\u0144stwa ich przetwarzania. Przygotuj\u0119\u00a0 i aktualizuj\u0119 niezb\u0119dn\u0105 dokumentacj\u0119, prowadz\u0119 szkolenia kadry i pracownik\u00f3w w zakresie ochrony danych osobowych oraz\u00a0 monitoruj\u0119 przetwarzania danych osobowych w poszczeg\u00f3lnych etapach proces\u00f3w biznesowych.<\/p>\n<p><strong>Outsourcing ABI<\/strong> to \u00a0 zakres dzia\u0142a\u0144\u00a0prowadzonych\u00a0 na rzecz Administratora Danych Osobowych w ramach realizacji us\u0142ugi:<\/p>\n<ul>\n<li>dokumentacja ODO (opracowanie,\u00a0wdro\u017cenie, aktualizacja),<\/li>\n<li>weryfikacja legalno\u015bci przetwarzania zbior\u00f3w danych,<\/li>\n<li>prowadzenie i zarz\u0105dzanie wymagan\u0105 dokumentacj\u0105 (rejestry, ewidencje),<\/li>\n<li>przej\u0119cie kompetencji ADO w zakresie wydawania upowa\u017cnie\u0144 do przetwarzania danych i zg\u00f3d na przebywanie w obszarach przetwarzania danych,<\/li>\n<li>przygotowanie wytycznych, procedur, opracowanie wymaganych prawem klauzul,<\/li>\n<li>okresowe i dora\u017ane sprawdzenia i audyty zgodno\u015bci z przepisami RODO,<\/li>\n<li>nadzorowanie (weryfikacja, opiniowanie) um\u00f3w powierzenia przetwarzania danych,<\/li>\n<li>wdro\u017cenie procedur dla systemu reakcji na incydenty i zagro\u017cenia,<\/li>\n<li>opiniowanie dokument\u00f3w i um\u00f3w pod k\u0105tem zgodno\u015bci z wymogami ustawy o ochronie danych osobowych,<\/li>\n<li>szkolenia pracownik\u00f3w i wsp\u00f3\u0142pracownik\u00f3w,<\/li>\n<li>bie\u017c\u0105ce raportowanie\u00a0do zarz\u0105du oraz przygotowywanie wymaganych wniosk\u00f3w w zakresie bezpiecze\u0144stwa danych,<\/li>\n<li>kontrola zgodno\u015bci zabezpiecze\u0144 system\u00f3w, i oprogramowania zgodnie z wymogami ustawy o ochronie danych osobowych,<\/li>\n<li>pe\u0142na wsp\u00f3\u0142praca z dzia\u0142em IT, w zakresie dotycz\u0105cym bezpiecze\u0144stwa system\u00f3w IT,<\/li>\n<\/ul>\n<p><span style=\"color: #002000; font-family: Arial;\">\u00a0<\/span><\/p>\n","protected":false},"excerpt":{"rendered":"<p>Outsourcing IOD \/ DPO Outsourcing IOD\u00a0 \/ DPO \u2013 \u00a0Na mocy Ustawy o Ochronie Danych Osobowych Administrator Danych Osobowych\u00a0ma mo\u017cliwo\u015b\u0107 powo\u0142ania Inspektora Ochrony Danych (IOD). Oferujemy us\u0142ug\u0119 przej\u0119cia\u00a0obowi\u0105zk\u00f3w IOD. Decyduj\u0105c si\u0119 na t\u0119 us\u0142ug\u0119\u00a0 otrzymuj\u0105 Pa\u0144stwo kompleksow\u0105 opiek\u0119 techniczn\u0105, proceduraln\u0105 i prawn\u0105. G\u0142\u00f3wne korzy\u015bci\u00a0jakie Pa\u0144stwa firmie przyniesie to pe\u0142ne\u00a0przej\u0119cie obowi\u0105zk\u00f3w zwi\u0105zanych z zarz\u0105dzaniem bezpiecze\u0144stwem informacji<a class=\"moretag\" href=\"https:\/\/www.4cefield.com.pl\/?page_id=92\"><span class=\"screen-reader-text\">Wi\u0119cej oOutsourcing  IOD<\/span>[&#8230;]<\/a><\/p>\n","protected":false},"author":1,"featured_media":0,"parent":24,"menu_order":0,"comment_status":"closed","ping_status":"closed","template":"","meta":{"footnotes":""},"class_list":["post-92","page","type-page","status-publish","hentry"],"aioseo_notices":[],"_links":{"self":[{"href":"https:\/\/www.4cefield.com.pl\/index.php?rest_route=\/wp\/v2\/pages\/92","targetHints":{"allow":["GET"]}}],"collection":[{"href":"https:\/\/www.4cefield.com.pl\/index.php?rest_route=\/wp\/v2\/pages"}],"about":[{"href":"https:\/\/www.4cefield.com.pl\/index.php?rest_route=\/wp\/v2\/types\/page"}],"author":[{"embeddable":true,"href":"https:\/\/www.4cefield.com.pl\/index.php?rest_route=\/wp\/v2\/users\/1"}],"replies":[{"embeddable":true,"href":"https:\/\/www.4cefield.com.pl\/index.php?rest_route=%2Fwp%2Fv2%2Fcomments&post=92"}],"version-history":[{"count":8,"href":"https:\/\/www.4cefield.com.pl\/index.php?rest_route=\/wp\/v2\/pages\/92\/revisions"}],"predecessor-version":[{"id":175,"href":"https:\/\/www.4cefield.com.pl\/index.php?rest_route=\/wp\/v2\/pages\/92\/revisions\/175"}],"up":[{"embeddable":true,"href":"https:\/\/www.4cefield.com.pl\/index.php?rest_route=\/wp\/v2\/pages\/24"}],"wp:attachment":[{"href":"https:\/\/www.4cefield.com.pl\/index.php?rest_route=%2Fwp%2Fv2%2Fmedia&parent=92"}],"curies":[{"name":"wp","href":"https:\/\/api.w.org\/{rel}","templated":true}]}}